{"id":31,"date":"2021-02-02T14:27:34","date_gmt":"2021-02-02T13:27:34","guid":{"rendered":"http:\/\/www.gordadze.com\/?page_id=31"},"modified":"2021-02-02T19:40:09","modified_gmt":"2021-02-02T18:40:09","slug":"video","status":"publish","type":"page","link":"https:\/\/www.gordadze.com\/?page_id=31","title":{"rendered":"Video"},"content":{"rendered":"\n<p>Here u find the latest Music video updates. For even more feel free to check my <a rel=\"noreferrer noopener\" href=\"https:\/\/www.youtube.com\/user\/kristigordadze\/videos\" target=\"_blank\">YouTube.<\/a><\/p>\n\n\n\n<p>Verdi &#8211; Bolero di Elena &#8222;I Vespri siciliani&#8220; <\/p>\n\n\n\n<figure class=\"wp-block-embed is-type-video is-provider-youtube wp-block-embed-youtube wp-embed-aspect-16-9 wp-has-aspect-ratio\"><div class=\"wp-block-embed__wrapper\">\n<iframe loading=\"lazy\" title=\"Kristina Gordadze - Bolero di Elena &quot;I Vespri siciliani&quot; Verdi\" width=\"920\" height=\"518\" src=\"https:\/\/www.youtube.com\/embed\/LJvdMTM0taE?feature=oembed\" frameborder=\"0\" allow=\"accelerometer; autoplay; clipboard-write; encrypted-media; gyroscope; picture-in-picture\" allowfullscreen><\/iframe>\n<\/div><\/figure>\n\n\n\n<p>Batumi &#8211; &#8222;Gulit batumeli var&#8220;<\/p>\n\n\n\n<figure class=\"wp-block-embed is-type-video is-provider-youtube wp-block-embed-youtube wp-embed-aspect-16-9 wp-has-aspect-ratio\"><div class=\"wp-block-embed__wrapper\">\n<iframe loading=\"lazy\" title=\"BATUMI VIDEO - Kristina Gordadze - Gulit batumeli var\" width=\"920\" height=\"518\" src=\"https:\/\/www.youtube.com\/embed\/WpIX13vJYqA?feature=oembed\" frameborder=\"0\" allow=\"accelerometer; autoplay; clipboard-write; encrypted-media; gyroscope; picture-in-picture\" allowfullscreen><\/iframe>\n<\/div><\/figure>\n\n\n\n<p>Silva &#8222;Die Cs\u00e1rd\u00e1sf\u00fcrstin&#8220; (Link)<\/p>\n\n\n\n<figure class=\"wp-block-image size-large\"><a href=\"https:\/\/www.youtube.com\/watch?v=z0wc7kHTQ3M\"><img loading=\"lazy\" decoding=\"async\" width=\"1024\" height=\"574\" src=\"http:\/\/www.gordadze.com\/wp-content\/uploads\/2021\/02\/grafik-4-1024x574.png\" alt=\"\" class=\"wp-image-79\" srcset=\"https:\/\/www.gordadze.com\/wp-content\/uploads\/2021\/02\/grafik-4-1024x574.png 1024w, https:\/\/www.gordadze.com\/wp-content\/uploads\/2021\/02\/grafik-4-300x168.png 300w, https:\/\/www.gordadze.com\/wp-content\/uploads\/2021\/02\/grafik-4-768x430.png 768w, https:\/\/www.gordadze.com\/wp-content\/uploads\/2021\/02\/grafik-4.png 1044w\" sizes=\"auto, (max-width: 1024px) 100vw, 1024px\" \/><\/a><\/figure>\n\n\n\n<p><\/p>\n","protected":false},"excerpt":{"rendered":"<p>Here u find the latest Music video updates. For even more feel free to check my YouTube. Verdi &#8211; Bolero di Elena &#8222;I Vespri siciliani&#8220; Batumi &#8211; &#8222;Gulit batumeli var&#8220;<\/p>\n<p class=\"more-link\"><a href=\"https:\/\/www.gordadze.com\/?page_id=31\" class=\"readmore\">Continue reading<svg class=\"icon icon-arrow-right\" aria-hidden=\"true\" role=\"img\"> <use href=\"#icon-arrow-right\" xlink:href=\"#icon-arrow-right\"><\/use> <\/svg><span class=\"screen-reader-text\">Video<\/span><\/a><\/p>\n","protected":false},"author":1,"featured_media":0,"parent":0,"menu_order":4,"comment_status":"closed","ping_status":"closed","template":"templates\/full-width-page.php","meta":{"footnotes":""},"class_list":["post-31","page","type-page","status-publish","hentry"],"_links":{"self":[{"href":"https:\/\/www.gordadze.com\/index.php?rest_route=\/wp\/v2\/pages\/31","targetHints":{"allow":["GET"]}}],"collection":[{"href":"https:\/\/www.gordadze.com\/index.php?rest_route=\/wp\/v2\/pages"}],"about":[{"href":"https:\/\/www.gordadze.com\/index.php?rest_route=\/wp\/v2\/types\/page"}],"author":[{"embeddable":true,"href":"https:\/\/www.gordadze.com\/index.php?rest_route=\/wp\/v2\/users\/1"}],"replies":[{"embeddable":true,"href":"https:\/\/www.gordadze.com\/index.php?rest_route=%2Fwp%2Fv2%2Fcomments&post=31"}],"version-history":[{"count":5,"href":"https:\/\/www.gordadze.com\/index.php?rest_route=\/wp\/v2\/pages\/31\/revisions"}],"predecessor-version":[{"id":81,"href":"https:\/\/www.gordadze.com\/index.php?rest_route=\/wp\/v2\/pages\/31\/revisions\/81"}],"wp:attachment":[{"href":"https:\/\/www.gordadze.com\/index.php?rest_route=%2Fwp%2Fv2%2Fmedia&parent=31"}],"curies":[{"name":"wp","href":"https:\/\/api.w.org\/{rel}","templated":true}]}}