{"id":29,"date":"2021-02-02T14:27:08","date_gmt":"2021-02-02T13:27:08","guid":{"rendered":"http:\/\/www.gordadze.com\/?page_id=29"},"modified":"2021-02-02T19:38:18","modified_gmt":"2021-02-02T18:38:18","slug":"music","status":"publish","type":"page","link":"https:\/\/www.gordadze.com\/?page_id=29","title":{"rendered":"Music"},"content":{"rendered":"\n<p>Music and CDs<\/p>\n\n\n\n<p>These days im constantly in the recording studio to produce more material for my new album and cooperative projects. On this page I put constantly my favorite pieces of my music. If you like come back to stay updated.<\/p>\n\n\n\n<p><em><sup>copyright: Kristina Gordadze<\/sup><\/em><\/p>\n\n\n\n<figure class=\"wp-block-audio\"><audio controls src=\"http:\/\/www.gordadze.com\/wp-content\/uploads\/2021\/02\/Kristina-Gordadze-Bolero-di-Elena-Vespri-Siciliani-G.Verdi_.mp3\"><\/audio><figcaption>Bolero di Elena, Vespri Siciliani (G.Verdi) &#8211; Kristina Gordadze<\/figcaption><\/figure>\n\n\n\n<figure class=\"wp-block-audio\"><audio controls src=\"http:\/\/www.gordadze.com\/wp-content\/uploads\/2021\/02\/Kristina-Gordadze-Silva-Die-Csardasfuerstin-I.-Kalman.mp3\"><\/audio><figcaption>Silva,Die Csardasf\u00fcrstin (I. K\u00e1lm\u00e1n) &#8211; Kristina Gordadze<\/figcaption><\/figure>\n\n\n\n<figure class=\"wp-block-audio\"><audio controls src=\"http:\/\/www.gordadze.com\/wp-content\/uploads\/2021\/02\/Tu-che-di-gel-sei-cinta-Turandot-G.-Puccini-Kristina-Gordadze.mp3\"><\/audio><figcaption>Tu, che di gel sei cinta , Turandot (G. Puccini) &#8211; Kristina Gordadze<\/figcaption><\/figure>\n\n\n\n<p><\/p>\n\n\n\n<p><\/p>\n\n\n\n<p><\/p>\n\n\n\n<p><\/p>\n\n\n\n<p><\/p>\n\n\n\n<p><\/p>\n","protected":false},"excerpt":{"rendered":"<p>Music and CDs These days im constantly in the recording studio to produce more material for my new album and cooperative projects. On this page I put constantly my favorite<\/p>\n<p class=\"more-link\"><a href=\"https:\/\/www.gordadze.com\/?page_id=29\" class=\"readmore\">Continue reading<svg class=\"icon icon-arrow-right\" aria-hidden=\"true\" role=\"img\"> <use href=\"#icon-arrow-right\" xlink:href=\"#icon-arrow-right\"><\/use> <\/svg><span class=\"screen-reader-text\">Music<\/span><\/a><\/p>\n","protected":false},"author":1,"featured_media":0,"parent":0,"menu_order":3,"comment_status":"closed","ping_status":"closed","template":"templates\/full-width-page.php","meta":{"footnotes":""},"class_list":["post-29","page","type-page","status-publish","hentry"],"_links":{"self":[{"href":"https:\/\/www.gordadze.com\/index.php?rest_route=\/wp\/v2\/pages\/29","targetHints":{"allow":["GET"]}}],"collection":[{"href":"https:\/\/www.gordadze.com\/index.php?rest_route=\/wp\/v2\/pages"}],"about":[{"href":"https:\/\/www.gordadze.com\/index.php?rest_route=\/wp\/v2\/types\/page"}],"author":[{"embeddable":true,"href":"https:\/\/www.gordadze.com\/index.php?rest_route=\/wp\/v2\/users\/1"}],"replies":[{"embeddable":true,"href":"https:\/\/www.gordadze.com\/index.php?rest_route=%2Fwp%2Fv2%2Fcomments&post=29"}],"version-history":[{"count":6,"href":"https:\/\/www.gordadze.com\/index.php?rest_route=\/wp\/v2\/pages\/29\/revisions"}],"predecessor-version":[{"id":142,"href":"https:\/\/www.gordadze.com\/index.php?rest_route=\/wp\/v2\/pages\/29\/revisions\/142"}],"wp:attachment":[{"href":"https:\/\/www.gordadze.com\/index.php?rest_route=%2Fwp%2Fv2%2Fmedia&parent=29"}],"curies":[{"name":"wp","href":"https:\/\/api.w.org\/{rel}","templated":true}]}}