{"id":26,"date":"2021-02-02T14:22:15","date_gmt":"2021-02-02T13:22:15","guid":{"rendered":"http:\/\/www.gordadze.com\/?page_id=26"},"modified":"2021-02-02T19:00:46","modified_gmt":"2021-02-02T18:00:46","slug":"repertoire","status":"publish","type":"page","link":"https:\/\/www.gordadze.com\/?page_id=26","title":{"rendered":"Repertoire"},"content":{"rendered":"\n<div class=\"wp-block-columns is-layout-flex wp-container-core-columns-is-layout-9d6595d7 wp-block-columns-is-layout-flex\">\n<div class=\"wp-block-column is-layout-flow wp-block-column-is-layout-flow\" style=\"flex-basis:100%\">\n<div class=\"wp-block-group\"><div class=\"wp-block-group__inner-container is-layout-flow wp-block-group-is-layout-flow\">\n<div class=\"wp-block-columns is-layout-flex wp-container-core-columns-is-layout-9d6595d7 wp-block-columns-is-layout-flex\">\n<div class=\"wp-block-column is-layout-flow wp-block-column-is-layout-flow\" style=\"flex-basis:50%\">\n<p><strong><span class=\"has-inline-color has-white-color\">J.S. Bach<\/span><\/strong><br>Chrismas Oratorio<br>Magnificat<br>Matth\u00e4uspassion<br>B minor mass<br>Johannespassion<br>Mass in G minor (BWV235)<br>Cantatas;<br>BWV 4 &#8218;Christ lag in Todesbanden&#8216;<br>BWV 47 &#8218;Wer sich selbst erh\u00f6het&#8216;<br>BWV 49 &#8218;Ich geh und suche mit verlangern&#8216;<br>BWV 51 &#8218;Jauchzet Gott in allen Landen&#8216;<br>BWV 57 &#8218;Selig ist der Mann&#8216;<br>BWV 58 &#8218;Ach Gott, wie manches Herzeleid&#8216;<br>BWV 60 &#8218;O Ewigkeit, du Donnerwort&#8216;<br>BWV 61 &#8218;Nun komm der heiden heiland&#8216;<br>BWV 68 &#8218;Also hat Gott die Welt geliebt&#8216;<br>BWV 69 &#8218;Lobe den Herrn, meine Seele&#8216;<br>BWV 70 &#8218;Wachet! betet! betet! wachet!&#8216;<br>BWV 74 &#8218;Wer mich liebet, der wird mein Wort halten&#8216;<br>BWV 132 &#8218;Bereitet die wege, bereitet die Bahn&#8216;<br>BWV 140 &#8218;Wachet Auf, ruft uns die Stimme&#8216;<br>BWV 147 &#8218;Herz und mund&#8216;<br>BWV 151 &#8218;S\u00fcsser Trost mein Jesus K\u00f6mmt&#8216;<br>BWV 197 &#8218;Ehre ist Gott in der H\u00f6he&#8216;<br>BWV 212 &#8218;Mer hahn en neue Oberkeet&#8216;<br>BWV 508 &#8218;Bist du bei mir&#8216;<\/p>\n\n\n\n<p><br><strong><span class=\"has-inline-color has-white-color\">A. Vivaldi<\/span><\/strong><br>Gloria<br><\/p>\n\n\n\n<p><span class=\"has-inline-color has-white-color\"><strong>W.A. Mozart<\/strong><\/span><br>Requiem<br>Mass in C minor<br><\/p>\n\n\n\n<p><strong><span class=\"has-inline-color has-white-color\">C. Orff<\/span><\/strong><br>Carmina Burana<br><\/p>\n\n\n\n<p><strong><span class=\"has-inline-color has-white-color\">G. Pergolesi<\/span><\/strong><br>Stabat Mater<br><\/p>\n\n\n\n<p><strong><span class=\"has-inline-color has-white-color\">G. Handel<\/span><\/strong><br>Messiah<br>Samson<br>Acis and Galatea<\/p>\n\n\n\n<p><strong><span class=\"has-inline-color has-white-color\">Opera<\/span><\/strong><br>G.F. Handel -Rinaldo &#8211; Almira<br>Ch. Gluck &#8211; Orfei and Evridika &#8211; Evridika<br>W.A. Mozart \u2013 Don Giovanni-Zerlina<br>W.A. Mozart -The Marriage of Figaro &#8211; Susanna<br>V. Bellini &#8211; I Puritani \u2013 Elvira<br>G.Puccini &#8211; La Boheme -Mimi<br>G.Puccini &#8211; La Boheme \u2013 Musetta<br>G.Puccini \u2013 Madama Batterfy \u2013 Cio cio san<br>G. Verdi \u2013 Traviata- Violetta<br>G. Verdi &#8211; Sicilian Vespers &#8211; Elena<br>R.Wagner- Lohengrin- Elsa<br>G. Bizet &#8211; Carmen \u2013 Micaela<br>F. Cilea \u2013 Adriana Lecouvreur-Adriana<br>L. Bernstein &#8211; Candide &#8211; Kunigunde<br>L. Bernstein &#8211; West Side Story &#8211; Maria<br>G. Gershwin- Porgy and Bess &#8211; Bess, Klara, Sirina<br>P. Tchaikovsky &#8211; Eugene Onegin &#8211; Tatyana<br>P. Tchaikovsky \u2013 Iolanta-Iolanta<br>P. Tchaikovsky &#8211; The Queen of Spades &#8211; Prilepa<br>N. Rimsky-Korsakov &#8211; Servilia &#8211; Servilia<br>S. Rachmaninoff &#8211; Aleko &#8211; Zemfira<br>S. Rachmaninoff &#8211; Francesca da Rimini -Francesca<br>A. Dargomyzhsky &#8211; Mermaid (Rusalka) &#8211; Mermaid<br>R. Lagidze &#8211; Lela &#8211; Lela<br><\/p>\n<\/div>\n\n\n\n<div class=\"wp-block-column is-layout-flow wp-block-column-is-layout-flow\" style=\"flex-basis:50%\">\n<p><strong><span class=\"has-inline-color has-white-color\">Arias Antique<\/span><\/strong><br>Scarlatti, Cavalli, Vivaldi, Giordani, Pergolesi, Lotti, Carissimi.<br><\/p>\n\n\n\n<p><strong><span class=\"has-inline-color has-white-color\">Ave Maria<\/span><\/strong><br>Bach-Gounod, Schubert, Verdi, Luzzi, Caccini, Mascani<br><\/p>\n\n\n\n<p><strong><span class=\"has-inline-color has-white-color\">Vocal cycles , Romances, Songs<\/span><\/strong><br>Mozart, Rossini, Debussy, Delib, Schubert, Schumann, R. Strauss, Wolf, Britten, Glinka, Dargomyzhsky, Kui, Mussorgsky, Rahmaninov, Rimsky -Korsakov, Tchajkovskij, Verstovskij, Grieg, Shostakovich, Dunaevskij<br><\/p>\n\n\n\n<p><strong><span class=\"has-inline-color has-white-color\">Operetta<\/span><\/strong><br>F. Lehar &#8211; Juditta -Juditta<br>I. Kalman &#8211; Silva (Die Csardasf\u00fcrstin)-Silva<br>I. Kalman- &#8222;Grafin Mariza&#8220; \u2013 Marica<br>I. Kalman-&#8222;The Violet of Montmarte&#8220;-Karambolina<br>J.Strauss &#8211; &#8222;Die Fledermaus&#8220; -Adele<br>F. Loewe &#8211; My fair lady -Elisa<br>R.Rodgers -The Sounds of Music &#8211; Maria<br>A.L.Webber &#8211; Jesus Christ Superstar -Mary Magdalene<br><\/p>\n\n\n\n<p class=\"has-text-align-left\"><strong><span class=\"has-inline-color has-white-color\">Jazz Standards<\/span><\/strong><br>D. Ellington &#8211; It Don\u2019t Mean A think<br>D. Ellington &#8211; In a Mellow tone<br>D. Ellington &#8211; Caravan<br>D. Ellington &#8211; Take The &#8222;A&#8220; Train<br>D. Ellington\/B. Russell &#8211; Don\u2019t Get Around Much Any More<br>H. David\/C. Porter &#8211; Rain drops keep falling on my heart<br>A. C. Jobim &#8211; Girl from Ipanema<br>A. C. Jobim &#8211; One note samba<br>A. C. Jobim &#8211; Desafinado<br>A. C. Jobim &#8211; \u00c1gua de beber<br>M. Valle &#8211; Summer Samba<br>B. Howard &#8211; Fly Me To The Moon<br>E. Fitzgerald &#8211; A Tisket A Tasket<br>E. Ahbez &#8211; Nature boy<br>H. Arlen &#8211; Over the rainbow<br>G. Gershwin &#8211; I love you Porgy<br>G. Gershwin &#8211; The Man I love<br>G. Shearing &#8211; Lullaby of Birdland<br>R. Rodgers &#8211; My funny Valentine<br>J. Styne &#8211; Let it snow<br>H. Carmichael &#8211; Georgia On My Mind<br>I. Berlin &#8211; Cheek to cheek I. Berlin<br>C. Vel\u00e1zquez &#8211; Besame Mucho<br>A. Hamilton &#8211; Cry Me A River<br>B. Joel &#8211; Georgia On My Mind<br>D. Raskin \u2013 Laura<br>B. Merrill &#8211; People<br>C. Porter &#8211; Night And Day<br>F. Loewe &#8211; Rain In Spain<br>B. Troup &#8211; Route 66<br>J. Kosma &#8211; Autumn Leaves<br>S. Simons &#8211; All Of Me<br>G. Weiss &#8211; What a wonderful world<\/p>\n<\/div>\n<\/div>\n<\/div><\/div>\n<\/div>\n<\/div>\n","protected":false},"excerpt":{"rendered":"<p>J.S. BachChrismas OratorioMagnificatMatth\u00e4uspassionB minor massJohannespassionMass in G minor (BWV235)Cantatas;BWV 4 &#8218;Christ lag in Todesbanden&#8216;BWV 47 &#8218;Wer sich selbst erh\u00f6het&#8216;BWV 49 &#8218;Ich geh und suche mit verlangern&#8216;BWV 51 &#8218;Jauchzet Gott in<\/p>\n<p class=\"more-link\"><a href=\"https:\/\/www.gordadze.com\/?page_id=26\" class=\"readmore\">Continue reading<svg class=\"icon icon-arrow-right\" aria-hidden=\"true\" role=\"img\"> <use href=\"#icon-arrow-right\" xlink:href=\"#icon-arrow-right\"><\/use> <\/svg><span class=\"screen-reader-text\">Repertoire<\/span><\/a><\/p>\n","protected":false},"author":1,"featured_media":0,"parent":0,"menu_order":3,"comment_status":"closed","ping_status":"closed","template":"templates\/full-width-page.php","meta":{"footnotes":""},"class_list":["post-26","page","type-page","status-publish","hentry"],"_links":{"self":[{"href":"https:\/\/www.gordadze.com\/index.php?rest_route=\/wp\/v2\/pages\/26","targetHints":{"allow":["GET"]}}],"collection":[{"href":"https:\/\/www.gordadze.com\/index.php?rest_route=\/wp\/v2\/pages"}],"about":[{"href":"https:\/\/www.gordadze.com\/index.php?rest_route=\/wp\/v2\/types\/page"}],"author":[{"embeddable":true,"href":"https:\/\/www.gordadze.com\/index.php?rest_route=\/wp\/v2\/users\/1"}],"replies":[{"embeddable":true,"href":"https:\/\/www.gordadze.com\/index.php?rest_route=%2Fwp%2Fv2%2Fcomments&post=26"}],"version-history":[{"count":3,"href":"https:\/\/www.gordadze.com\/index.php?rest_route=\/wp\/v2\/pages\/26\/revisions"}],"predecessor-version":[{"id":100,"href":"https:\/\/www.gordadze.com\/index.php?rest_route=\/wp\/v2\/pages\/26\/revisions\/100"}],"wp:attachment":[{"href":"https:\/\/www.gordadze.com\/index.php?rest_route=%2Fwp%2Fv2%2Fmedia&parent=26"}],"curies":[{"name":"wp","href":"https:\/\/api.w.org\/{rel}","templated":true}]}}